{"id":443,"date":"2017-08-28T09:08:50","date_gmt":"2017-08-28T09:08:50","guid":{"rendered":"http:\/\/sportoneevents.com\/newsletter\/"},"modified":"2017-08-28T09:10:28","modified_gmt":"2017-08-28T09:10:28","slug":"newsletter","status":"publish","type":"page","link":"https:\/\/sportoneevents.com\/de\/newsletter\/","title":{"rendered":"Newsletter"},"content":{"rendered":"<div  class=\"fusion-fullwidth fullwidth-box nonhundred-percent-fullwidth\"  style='background-color: #ffffff;background-position: center center;background-repeat: no-repeat;padding-top:0px;padding-right:0px;padding-bottom:0px;padding-left:0px;'><div class=\"fusion-builder-row fusion-row \"><div  class=\"fusion-layout-column fusion_builder_column fusion_builder_column_1_1  fusion-one-full fusion-column-first fusion-column-last 1_1\"  style='margin-top:50px;margin-bottom:20px;'>\n\t\t\t\t\t<div class=\"fusion-column-wrapper\" style=\"background-color:#ffffff;padding: 20px 20px 20px 20px;background-position:left top;background-repeat:no-repeat;-webkit-background-size:cover;-moz-background-size:cover;-o-background-size:cover;background-size:cover;\"  data-bg-url=\"\">\n\t\t\t\t\t\t<h2 style=\"text-align: center;\">Newsletter<\/h2>\n<script>\nfunction loadjQuery(e,t){var n=document.createElement(\"script\");n.setAttribute(\"src\",e);n.onload=t;n.onreadystatechange=function(){if(this.readyState==\"complete\"||this.readyState==\"loaded\")t()};document.getElementsByTagName(\"head\")[0].appendChild(n)}function main(){\nvar $cr=jQuery.noConflict();var old_src;$cr(document).ready(function(){$cr(\".cr_form\").submit(function(){$cr(this).find('.clever_form_error').removeClass('clever_form_error');$cr(this).find('.clever_form_note').remove();$cr(this).find(\".musthave\").find('input, textarea').each(function(){if(jQuery.trim($cr(this).val())==\"\"||($cr(this).is(':checkbox'))||($cr(this).is(':radio'))){if($cr(this).is(':checkbox')||($cr(this).is(':radio'))){if(!$cr(this).parent().find(\":checked\").is(\":checked\")){$cr(this).parent().addClass('clever_form_error')}}else{$cr(this).addClass('clever_form_error')}}});if($cr(this).attr(\"action\").search(document.domain)>0&&$cr(\".cr_form\").attr(\"action\").search(\"wcs\")>0){var cr_email=$cr(this).find('input[name=email]');var unsub=false;if($cr(\"input['name=cr_subunsubscribe'][value='false']\").length){if($cr(\"input['name=cr_subunsubscribe'][value='false']\").is(\":checked\")){unsub=true}}if(cr_email.val()&&!unsub){$cr.ajax({type:\"GET\",url:$cr(\".cr_form\").attr(\"action\").replace(\"wcs\",\"check_email\")+$cr(this).find('input[name=email]').val(),success:function(data){if(data){cr_email.addClass('clever_form_error').before(\"<div class='clever_form_note cr_font'>\"+data+\"<\/div>\");return false}},async:false})}var cr_captcha=$cr(this).find('input[name=captcha]');if(cr_captcha.val()){$cr.ajax({type:\"GET\",url:$cr(\".cr_form\").attr(\"action\").replace(\"wcs\",\"check_captcha\")+$cr(this).find('input[name=captcha]').val(),success:function(data){if(data){cr_captcha.addClass('clever_form_error').after(\"<div style='display:block' class='clever_form_note cr_font'>\"+data+\"<\/div>\");return false}},async:false})}}if($cr(this).find('.clever_form_error').length){return false}return true});$cr('input[class*=\"cr_number\"]').change(function(){if(isNaN($cr(this).val())){$cr(this).val(1)}if($cr(this).attr(\"min\")){if(($cr(this).val()*1)<($cr(this).attr(\"min\")*1)){$cr(this).val($cr(this).attr(\"min\"))}}if($cr(this).attr(\"max\")){if(($cr(this).val()*1)>($cr(this).attr(\"max\")*1)){$cr(this).val($cr(this).attr(\"max\"))}}});old_src=$cr(\"div[rel='captcha'] img:not(.captcha2_reload)\").attr(\"src\");if($cr(\"div[rel='captcha'] img:not(.captcha2_reload)\").length!=0){captcha_reload()}});function captcha_reload(){var timestamp=new Date().getTime();$cr(\"div[rel='captcha'] img:not(.captcha2_reload)\").attr(\"src\",\"\");$cr(\"div[rel='captcha'] img:not(.captcha2_reload)\").attr(\"src\",old_src+\"?t=\"+timestamp);return false}\n\n}\nif(typeof jQuery===\"undefined\"){loadjQuery(\"\/\/ajax.googleapis.com\/ajax\/libs\/jquery\/1.4.2\/jquery.min.js\",main)}else{main()}\n\n<\/script>\n\n\n<style>\n.cr_site{margin:0;padding:75px 0 0 0;text-align:center;background-color:#eeeeee;}\n.cr_font{font-size: 14px;font-family: Arial;}\n.cr_body h2, .cr_header h2{font-size:22px;line-height:28px;margin:0 0 10px 0;}\n.cr_body h1, .cr_header h2{font-size:28px;margin-bottom:15px;padding:0;margin-top:0;}\n.wrapper, .cr_page{margin:0 auto 10px auto;text-align:left;border-radius:4px;}\n.cr_header{text-align:center;background: transparent !Important;}\n.cr_body label{float:none;clear:both;display:block;width:auto;margin-top:8px;text-align:left;font-weight:bold;position:relative;}\n.cr_button{display:inline-block;font-family:'Helvetica', Arial, sans-serif;width:auto;white-space:nowrap;height:32px;margin:5px 5px 0 0;padding:0 22px;text-decoration:none;text-align:center;font-weight:bold;font-style:normal;font-size:15px;line-height:32px;cursor:pointer;border:0;-moz-border-radius:4px;border-radius:4px;-webkit-border-radius:4px;vertical-align:top;}\n.cr_button{background-color:#333;color:#ffffff;}\n.cr_button:hover,.cr_button-small:hover{opacity:0.7;filter:alpha(opacity=70);}\n.powered{padding:20px 0;width:560px;margin:0 auto;}\n.formbox{line-height:150%;font-family:Helvetica;font-size:12px;color:#333333;padding:20px;background-color:#ffffff;border-radius: 6px 6px 6px 6px;}\n.cr_ipe_item label{line-height:150%;font-size:14px;}\n.cr_ipe_item textarea {background: none repeat scroll 0 0 #eeeeee;border: 1px solid #aaa;font-family: Helvetica;font-size: 16px;}\n.cr_ipe_item input {background: none repeat scroll 0 0 #eeeeee;border: 1px solid #aaa;padding: 5px;font-family: Helvetica;font-size: 16px;}\n.cr_ipe_item select {background: none repeat scroll 0 0 #eeeeee;border: 1px solid #aaa;display: block;margin: 0;padding: 5px;width: 100%;font-family: Helvetica;font-size: 16px;}\n.cr_ipe_item input.cr_ipe_radio, input.cr_ipe_checkbox {-moz-binding: none;-moz-box-sizing: border-box;background-color: -moz-field !important;border: 2px inset threedface !important;color: -moz-fieldtext !important;cursor: default;height: 13px;padding: 0 !important;width: 13px;}\n.cr_ipe_item input.cr_ipe_radio{-moz-appearance: radio;border-radius: 100% 100% 100% 100% !important;margin: 3px 3px 0 5px;}\n.submit_container{text-align:center}\n.cr_ipe_item{ padding:1px 10px; margin:1px 10px; }\n.cr_ipe_item.inactive {display:none;}\n.imprint{font-size:0.8em;}\n.cr_captcha{padding-left:130px;}\n.cr_error{font-size:1.1em;padding:10px;}\n.clever_form_error{background-color:#f99; color:#000; border:1px solid #f22 !important}\n.clever_form_note {margin:26px 0 0 3px;position:absolute;display:inline; padding: 2px 4px; font-weight:bold;background-color:#f2ecb5; color:#000; font-size:12px !important;  }\n.cr_site {background-color:#eee;}\n.cr_header {color:#000000;}\n.cr_body {background-color:#ffffff;font-size:12px;color:#000000;}\n.cr_hr {background-color:#ccc;}\n.cr_site a {color:#0084ff;}\n.imprint{color:#000;}\n\n<\/style>\n\n\n<style id=\"style\">\n.cr_site {background-color:#eee;}\n.cr_header {color:#000000;}\n.cr_body {background-color:#ffffff;font-size:12px;color:#000000;}\n.cr_hr {background-color:#ccc;}\n.cr_site a {color:#404041;}\n.imprint {color:#000;}\n.cr_page {width:640px;}\n.cr_button {background-color:#0068a8;}\n.cr_font {font-family:Arial;}\n\n<\/style>\n\n\n\n<form class=\"layout_form cr_form cr_font\" action=\"https:\/\/seu2.cleverreach.com\/f\/122411-126920\/wcs\/\" method=\"post\" target=\"_blank\">\n\t<div class=\"cr_body cr_page cr_font formbox\">\n\t\t<div class=\"non_sortable\" style=\"text-align:left;\">\n\t\t\t\n\t\t<\/div>\n\t\t\n\t\t<div class=\"editable_content\" style=\"text-align:left;\">\n\t\t<div id=\"2600776\" rel=\"mce_text\" class=\"cr_ipe_item ui-sortable\">\n<div class=\"mce_text\"><p>Abonnieren Sie jetzt unseren regelm\u00e4\u00dfig erscheinenden Newsletter und seien Sie stets besten \u00fcber unsere Angebote informiert.<\/p><p>Der Newsletter ist nat\u00fcrlich jederzeit \u00fcber einen Link am Ende jeder E-Mail abbestellbar.<\/p><p><br><\/p><p><br><\/p><\/div>\n<\/div><div id=\"2600791\" rel=\"email\" class=\"cr_ipe_item ui-sortable musthave\" style=\"margin-bottom:px;\">\n<label for=\"text2600791\" class=\"itemname\">E-Mail*<\/label> <input id=\"text2600791\" name=\"email\" value=\"\" type=\"text\" style=\"width:100%;\" \/>\n<\/div><div id=\"2600793\" rel=\"select\" class=\"cr_ipe_item ui-sortable\" style=\" margin-bottom:0px;\">\n<label for=\"select_2600793\" class=\"itemname\">Anrede<\/label> <select id=\"select_2600793\" class=\"cr_font\" name=\"1079722\" style=\"width:100%;\" >\n\n<option value=\"Frau\" >Frau<\/option>\n\n<option value=\"Herr\" selected checked>Herr<\/option>\n<\/select>\n<\/div><div id=\"2600795\" rel=\"text\" class=\"cr_ipe_item ui-sortable\" style=\" margin-bottom:10px;\">\n<label for=\"text2600795\" class=\"itemname\">Vorname<\/label> <input id=\"text2600795\" name=\"1067790\" type=\"text\" value=\"\" style=\"width:100%;\" \/>\n<\/div><div id=\"2600796\" rel=\"text\" class=\"cr_ipe_item ui-sortable\" style=\" margin-bottom:20px;\">\n<label for=\"text2600796\" class=\"itemname\">Nachname<\/label> <input id=\"text2600796\" name=\"1067789\" type=\"text\" value=\"\" style=\"width:100%;\" \/>\n<\/div><div id=\"2600797\" rel=\"radio\" class=\"cr_ipe_item ui-sortable\" style=\" margin-bottom:20px;\">\n<label class=\"itemname\">Interesse<\/label>\n<div style=\"overflow:auto;\">\n\n<input id=\"Fu\u00dfball2600797\" class=\"cr_ipe_radio\" name=\"1079724\" type=\"radio\" value=\"Fu\u00dfball\"  \/>Fu\u00dfball&nbsp;\n\n<input id=\"Motorsport2600797\" class=\"cr_ipe_radio\" name=\"1079724\" type=\"radio\" value=\"Motorsport\"  \/>Motorsport&nbsp;\n\n<input id=\"Tennis2600797\" class=\"cr_ipe_radio\" name=\"1079724\" type=\"radio\" value=\"Tennis\"  \/>Tennis&nbsp;\n\n<input id=\"Super Bowl2600797\" class=\"cr_ipe_radio\" name=\"1079724\" type=\"radio\" value=\"Super Bowl\"  \/>Super Bowl&nbsp;\n\n<input id=\"Rugby2600797\" class=\"cr_ipe_radio\" name=\"1079724\" type=\"radio\" value=\"Rugby\"  \/>Rugby&nbsp;\n\n<input id=\"Golf2600797\" class=\"cr_ipe_radio\" name=\"1079724\" type=\"radio\" value=\"Golf\"  \/>Golf&nbsp;\n\n<input id=\"weitere Sportarten2600797\" class=\"cr_ipe_radio\" name=\"1079724\" type=\"radio\" value=\"weitere Sportarten\"  \/>weitere Sportarten&nbsp;\n\n<\/div>\n<\/div><div id=\"2600798\" rel=\"checkbox\" class=\"cr_ipe_item ui-sortable musthave\" style=\" margin-bottom:0px;\">\n<label class=\"itemname\">Confirmation*<\/label>\n<div style=\"overflow:auto;\">\n\n<input id=\"Ja, ich bin damit einverstanden, dass Sie mir regelm\u00e4\u00dfig Informationen sowie Angebote und Aktionen zu Ihrem Produktsortiment per E-Mail zuschicken.2600798\" class=\"cr_ipe_checkbox\" name=\"1079723[]\" value=\"Ja, ich bin damit einverstanden, dass Sie mir regelm\u00e4\u00dfig Informationen sowie Angebote und Aktionen zu Ihrem Produktsortiment per E-Mail zuschicken.\" type=\"checkbox\"  \/>Ja, ich bin damit einverstanden, dass Sie mir regelm\u00e4\u00dfig Informationen sowie Angebote und Aktionen zu Ihrem Produktsortiment per E-Mail zuschicken.&nbsp;\n\n<\/div>\n<br style=\"clear:left;\" \/>\n<\/div><div id=\"2600799\" rel=\"hr\" class=\"cr_ipe_item ui-sortable cr_noedit\" style=\"\">\n<hr class=\"cr_hr\" \/>\n<\/div><div id=\"2600800\" rel=\"captcha\" class=\"cr_ipe_item ui-sortable musthave\">\n\t<script>\n\tvar RecaptchaOptions = {\n\t\t\ttheme : 'custom',\n\t\t\tcustom_theme_widget : 'recaptcha_widget'\n\t\t};\n\t<\/script>\n\t<style>\n\t#recaptcha_instructions_image, #recaptcha_instructions_audio, #recaptcha_instructions_error{\n\t\tfont-size: 10px !Important;\t\n\t}\n\t<\/style>\n\t<div id=\"recaptcha_widget\" style=\"display:none;\">\n\t\n\t\t<div id=\"recaptcha_image\"><\/div>\n\t\t<div class=\"recaptcha_only_if_incorrect_sol\" style=\"color:red\">Ihre Eingabe stimmte nicht mit dem CAPTCHA \u00fcberein<\/div>\n\t\t\n\t\t<label style=\"float:left;\" class=\"recaptcha_only_if_image\">Geben Sie die abgebildeten Zeichen ein<\/label>\n\t\t<label style=\"float:left;\" class=\"recaptcha_only_if_audio\">Geben Sie die abgebildeten Zeichen ein<\/label>\n\t\t<br clear=\"both\" \/>\n\t\t<input type=\"text\" id=\"recaptcha_response_field\" name=\"recaptcha_response_field\"  style=\"width:100%;\" \/>\n\t\t\n\t\t<span><a href=\"javascript:Recaptcha.reload()\" title=\"Ein anderes CAPTCHA anzeigen\"><img loading=\"lazy\" decoding=\"async\" class=\"captcha2_reload\" width=\"16\" height=\"16\" title=\"\" alt=\"\" src=\"data:image\/png;base64,iVBORw0KGgoAAAANSUhEUgAAABAAAAAQCAYAAAAf8\/9hAAAABHNCSVQICAgIfAhkiAAAAAlwSFlzAAALEgAACxIB0t1+\/AAAABZ0RVh0Q3JlYXRpb24gVGltZQAwMi8yNi8xM1b7mg4AAAAcdEVYdFNvZnR3YXJlAEFkb2JlIEZpcmV3b3JrcyBDUzbovLKMAAABbElEQVQ4jX3SzYuNYRgG8N875ywwsbEydt6FxAKz0VnJ4lYi+QcUC2kkzcrCQmo2NlIyf4ANiymLUTq3slEWyNZHvQrZ2RmKpnktzjk6HvO6dk\/XdV\/PdX9UbduaRmb2sIDzOIhfeIrliFhVoBoOh0fxKiLWMvMEruMw+oV2DUNci4h30wYr2IIXuFH+0IFTEfFoYnALix3CDTzGS\/zEHhxDjfmIeN1H1VGcuBIRb\/8hMs\/iQmYuln1OsBwRl7ryR8S9zHyIagbbN9HMZ+buLoOxybeI+NHHCj4W\/DYcwJf\/mUBV3sFmyMy9OIfvJdc1gxKfjFq9WhK9wWBQNU2zta7r9a7quq7Xm6bZgTOYmeYmj4XMvNgRfzYzb+I+eiVftW0rM+fw2WiYT\/DG6Ij24yTmutL9GWJmHsIzzHaJp7CK51j6awuZuQtLOI2dRdEGPuBuRNwe6\/dtusbMPILLOD42eo8HuBMRX6e1vwHjhn64H\/Px4QAAAABJRU5ErkJggg==\" \/><\/a><\/span>\n\t\n\t\n\t\t\n\t\t<a href=\"javascript:Recaptcha.showhelp()\">Hilfe<\/a>\n\t\n\t<\/div>\n\t<script type=\"text\/javascript\" src=\"\/\/www.google.com\/recaptcha\/api\/challenge?k=6Lekcd0SAAAAAM-G--Az_UDZy5ItISp4DbmGSMLT\">\n\t<\/script>\n\t<noscript>\n\t  <iframe loading=\"lazy\" src=\"\/\/www.google.com\/recaptcha\/api\/noscript?k=6Lekcd0SAAAAAM-G--Az_UDZy5ItISp4DbmGSMLT\"\n\t       height=\"300\" width=\"500\" frameborder=\"0\"><\/iframe><br>\n\t  <textarea name=\"recaptcha_challenge_field\" rows=\"3\" cols=\"40\">\n\t  <\/textarea>\n\t  <input type=\"hidden\" name=\"recaptcha_response_field\"\n\t       value=\"manual_challenge\">\n\t<\/noscript>\n\t\n<\/div><div id=\"2600801\" rel=\"button\" class=\"cr_ipe_item ui-sortable submit_container\" style=\"text-align:center; margin-bottom:px;\">\n<button type=\"submit\" class=\"cr_button\">Anmelden<\/button>\n<\/div><div id=\"3301799\" rel=\"mce_text\" class=\"cr_ipe_item ui-sortable\">\n<div class=\"mce_text\"><p>Klicken Sie hier, um den Text zu bearbeiten<\/p><\/div>\n<\/div>\n\t<\/div>\n\t\n\t<noscript><a href=\"http:\/\/www.cleverreach.de\">www.CleverReach.de<\/a><\/noscript>\n<\/div>\n\n<div class=\"badge cr_page cr_body\" style=\"text-align:center; border:none !Important; background:transparent !Important;\"><a href=\"https:\/\/www.cleverreach.de\/?utm_source=system&utm_medium=form&utm_campaign=c122411\" target=\"_blank\"><img decoding=\"async\" src=\"https:\/\/d388us03v35p3m.cloudfront.net\/cr3_images\/badget1.png\" border=\"0\" \/><\/a><\/div>\n\n<\/form><div class=\"fusion-clearfix\"><\/div>\n\n\t\t\t\t\t<\/div>\n\t\t\t\t<\/div><\/div><\/div>\n","protected":false},"excerpt":{"rendered":"","protected":false},"author":1,"featured_media":0,"parent":0,"menu_order":0,"comment_status":"closed","ping_status":"closed","template":"","meta":{"footnotes":""},"class_list":["post-443","page","type-page","status-publish","hentry"],"_links":{"self":[{"href":"https:\/\/sportoneevents.com\/de\/wp-json\/wp\/v2\/pages\/443","targetHints":{"allow":["GET"]}}],"collection":[{"href":"https:\/\/sportoneevents.com\/de\/wp-json\/wp\/v2\/pages"}],"about":[{"href":"https:\/\/sportoneevents.com\/de\/wp-json\/wp\/v2\/types\/page"}],"author":[{"embeddable":true,"href":"https:\/\/sportoneevents.com\/de\/wp-json\/wp\/v2\/users\/1"}],"replies":[{"embeddable":true,"href":"https:\/\/sportoneevents.com\/de\/wp-json\/wp\/v2\/comments?post=443"}],"version-history":[{"count":3,"href":"https:\/\/sportoneevents.com\/de\/wp-json\/wp\/v2\/pages\/443\/revisions"}],"predecessor-version":[{"id":446,"href":"https:\/\/sportoneevents.com\/de\/wp-json\/wp\/v2\/pages\/443\/revisions\/446"}],"wp:attachment":[{"href":"https:\/\/sportoneevents.com\/de\/wp-json\/wp\/v2\/media?parent=443"}],"curies":[{"name":"wp","href":"https:\/\/api.w.org\/{rel}","templated":true}]}}